{"id":305,"date":"2022-09-16T14:55:18","date_gmt":"2022-09-16T17:55:18","guid":{"rendered":"http:\/\/localhost\/teste\/?page_id=305"},"modified":"2022-10-25T14:30:59","modified_gmt":"2022-10-25T17:30:59","slug":"programacao","status":"publish","type":"page","link":"http:\/\/www.mast.br\/smmc\/programacao\/","title":{"rendered":"Programa\u00e7\u00e3o"},"content":{"rendered":"\n<p><strong>27 de outubro&nbsp;<\/strong><\/p>\n\n\n\n<p><strong>10h:<\/strong> Mesa de abertura<\/p>\n\n\n\n<p><strong>10h30:<\/strong> CONFER\u00caNCIA 1 :: Museus, Museologia e Ci\u00eancia: 200 anos de in(ter)depend\u00eancia, inquietude e utopia<br>Conferencista: Lilia Moritz Schwarcz (USP)<br>Moderador: Marcio Ferreira Rangel (MAST)<\/p>\n\n\n\n<p><strong>11h30:<\/strong> Perguntas dos participantes<\/p>\n\n\n\n<p><strong>12h \u00e0s 13h30:<\/strong> Intervalo para almo\u00e7o<\/p>\n\n\n\n<p><strong>13h30:<\/strong> MESA 1 :: Os museus, as ci\u00eancias e o Brasil nas exposi\u00e7\u00f5es internacionais nos s\u00e9culos XIX e XX<br>Andr\u00e9a Fernandes Considera (UnB)&nbsp;<br>Heloisa Maria Silveira Barbuy (USP)&nbsp;<br>Maria Margaret Lopes (UNB)<br>Mediador: Christina da Motta Barboza (MAST)&nbsp;<\/p>\n\n\n\n<p><strong>15h<\/strong>: Perguntas dos participantes e debate<\/p>\n\n\n\n<p><strong>15h30:<\/strong> Intervalo.<\/p>\n\n\n\n<p><strong>16h:<\/strong> MESA 2 :: Museus e pr\u00e1ticas museais no Brasil: fazeres e saberes<br>Cecilia Helena Lorenzini de Salles Oliveira (USP)&nbsp;<br>Ione Helena Pereira Couto (UNESCO)&nbsp;<br>Rose Moreira de Miranda (IBRAM)&nbsp;<br>Mediador: Claudia Penha dos Santos (MAST)&nbsp;<\/p>\n\n\n\n<p><strong>17h30:<\/strong> Perguntas dos participantes e debate<\/p>\n\n\n\n<p><strong>18h:<\/strong> Encerramento do primeiro dia<\/p>\n\n\n\n<p><\/p>\n\n\n\n<p><strong>28 de outubro de 2022<\/strong><\/p>\n\n\n\n<p><strong>10h30:<\/strong> CONFER\u00caNCIA 2 :: Museus, forma\u00e7\u00e3o e afirma\u00e7\u00e3o da Museologia no Brasil e na Am\u00e9rica Latina: depend\u00eancias, independ\u00eancias ou interdepend\u00eancias?<br>Conferencista: Tereza Cristina Moletta Scheiner (UNIRIO)<br>Moderador: Marcus Granato (MAST)\u00a0<\/p>\n\n\n\n<p><strong>11h30:<\/strong> Perguntas dos participantes e debate<\/p>\n\n\n\n<p><strong>12h \u00e0s 13h30:<\/strong> Intervalo para almo\u00e7o<\/p>\n\n\n\n<p><strong>13h30:<\/strong> MESA 3 :: Museus e Museologia no Brasil da primeira metade do s\u00e9culo XX \u00e0 d\u00e9cada de 1970: tempos de idealiza\u00e7\u00f5es identit\u00e1rias?<br>Joseania Miranda Freitas (UFBA)&nbsp;<br>Ivan Coelho de S\u00e1 (UNIRIO)<br>M\u00e1rio de Souza Chagas (UNIRIO\/Museu da Rep\u00fablica)&nbsp;<br>Mediador: Maria Esther Valente (MAST)&nbsp;<\/p>\n\n\n\n<p><strong>15h:<\/strong> Perguntas dos participantes e debate<\/p>\n\n\n\n<p><strong>15h30:<\/strong> Intervalo<\/p>\n\n\n\n<p><strong>16h:<\/strong> MESA 4 :: Museus e Museologia no Brasil da virada dos s\u00e9culos: das perspectivas interdisciplinares \u00e0&nbsp; transdisciplinaridade<br>Aline Montenegro Magalh\u00e3es (Museu Paulista\/USP)&nbsp;<br>Cl\u00f3vis Carvalho Britto (UNB)&nbsp;<br>Mar\u00edlia Xavier Cury (MAE\/USP)&nbsp;<br>Mediador: Luiz Carlos Borges (MAST)<\/p>\n\n\n\n<p><strong>17h30:<\/strong> Perguntas dos participantes e debate<\/p>\n\n\n\n<p><strong>18h:<\/strong> ENCERRAMENTO<br>Charles Narloch&nbsp;<br>Claudia Penha dos Santos<br>Marcus Granato<br>Maria Lucia de Niemeyer Matheus Loureiro<\/p>\n","protected":false},"excerpt":{"rendered":"<p>27 de outubro&nbsp; 10h: Mesa de abertura 10h30: CONFER\u00caNCIA 1 :: Museus, Museologia e Ci\u00eancia: 200 anos de in(ter)depend\u00eancia, inquietude e utopiaConferencista: Lilia Moritz Schwarcz (USP)Moderador: Marcio Ferreira Rangel (MAST) 11h30: Perguntas dos participantes 12h \u00e0s 13h30: Intervalo para almo\u00e7o 13h30: MESA 1 :: Os museus, as ci\u00eancias e o Brasil nas exposi\u00e7\u00f5es internacionais nos [&hellip;]<\/p>\n","protected":false},"author":1,"featured_media":0,"parent":0,"menu_order":0,"comment_status":"closed","ping_status":"closed","template":"","meta":{"footnotes":""},"class_list":["post-305","page","type-page","status-publish","hentry"],"_links":{"self":[{"href":"http:\/\/www.mast.br\/smmc\/wp-json\/wp\/v2\/pages\/305","targetHints":{"allow":["GET"]}}],"collection":[{"href":"http:\/\/www.mast.br\/smmc\/wp-json\/wp\/v2\/pages"}],"about":[{"href":"http:\/\/www.mast.br\/smmc\/wp-json\/wp\/v2\/types\/page"}],"author":[{"embeddable":true,"href":"http:\/\/www.mast.br\/smmc\/wp-json\/wp\/v2\/users\/1"}],"replies":[{"embeddable":true,"href":"http:\/\/www.mast.br\/smmc\/wp-json\/wp\/v2\/comments?post=305"}],"version-history":[{"count":6,"href":"http:\/\/www.mast.br\/smmc\/wp-json\/wp\/v2\/pages\/305\/revisions"}],"predecessor-version":[{"id":446,"href":"http:\/\/www.mast.br\/smmc\/wp-json\/wp\/v2\/pages\/305\/revisions\/446"}],"wp:attachment":[{"href":"http:\/\/www.mast.br\/smmc\/wp-json\/wp\/v2\/media?parent=305"}],"curies":[{"name":"wp","href":"https:\/\/api.w.org\/{rel}","templated":true}]}}