{"id":307,"date":"2022-09-16T14:55:47","date_gmt":"2022-09-16T17:55:47","guid":{"rendered":"http:\/\/localhost\/teste\/?page_id=307"},"modified":"2022-10-14T19:37:32","modified_gmt":"2022-10-14T22:37:32","slug":"inscricoes","status":"publish","type":"page","link":"http:\/\/www.mast.br\/smmc\/inscricoes\/","title":{"rendered":"Inscri\u00e7\u00f5es"},"content":{"rendered":"\n<p>O semin\u00e1rio ser\u00e1 realizado no audit\u00f3rio do pr\u00e9dio anexo Ronaldo Mour\u00e3o, com transmiss\u00e3o on-line em outra sala nas depend\u00eancias do MAST. Nesse sentido, as primeiras inscri\u00e7\u00f5es ter\u00e3o prioridade para assistirem \u00e0s palestras no audit\u00f3rio. No entanto, para n\u00e3o prejudicar o andamento das discuss\u00f5es, haver\u00e1 uma toler\u00e2ncia de 15 minutos, ap\u00f3s a qual os lugares poder\u00e3o ser ocupados por outras pessoas.&nbsp;<\/p>\n\n\n\n<p>Para quem for de fora do Rio de Janeiro ou preferir participar virtualmente, haver\u00e1 uma sala fechada para os inscritos acompanharem o evento. O link ser\u00e1 enviado ap\u00f3s o pagamento da taxa.<\/p>\n\n\n\n<p>Haver\u00e1 emiss\u00e3o de certificado para os participantes, a ser enviado posteriormente para o e-mail cadastrado no momento da inscri\u00e7\u00e3o.&nbsp;<\/p>\n\n\n\n<p><strong>Valores:<\/strong><br>R$ 50,00 \u2013 profissional<br>R$ 25,00 \u2013 estudante<\/p>\n\n\n\n<p>As inscri\u00e7\u00f5es poder\u00e3o ser feitas enviando a <a rel=\"noreferrer noopener\" href=\"http:\/\/www.mast.br\/smmc\/wp-content\/uploads\/2022\/10\/ficha_inscricao_seminario_bicentenario_.doc\" target=\"_blank\"><strong>ficha de inscri\u00e7\u00e3o<\/strong><\/a> juntamente com uma <strong>c\u00f3pia do comprovante de pagamento realizado<\/strong> para o e-mail <a href=\"mailto:sembicent@mast.br\"><strong>sembicent@mast.br<\/strong><\/a>, com o assunto: <strong>Seu nome &#8211; Inscri\u00e7\u00e3o Semin\u00e1rio Museus, Museologia &amp; Ci\u00eancia<\/strong>.<\/p>\n\n\n\n<p>O pagamento dever\u00e1 ser feito por meio de <strong>dep\u00f3sito banc\u00e1rio<\/strong> ou <strong>PIX<\/strong> (ag\u00eancia\/conta)<\/p>\n\n\n\n<p><strong>Banco: do Brasil &#8211; 001<\/strong><br><strong>Ag\u00eancia:<\/strong> 2234-9<br><strong>Conta corrente:<\/strong> 32.122-2<\/p>\n\n\n\n<p><strong><font color=\"#ff0200\">Aten\u00e7\u00e3o<\/font>: Em caso de desist\u00eancia s\u00f3 ser\u00e1 devolvido 90% do valor da inscri\u00e7\u00e3o.<\/strong><\/p>\n\n\n\n<p><\/p>\n","protected":false},"excerpt":{"rendered":"<p>O semin\u00e1rio ser\u00e1 realizado no audit\u00f3rio do pr\u00e9dio anexo Ronaldo Mour\u00e3o, com transmiss\u00e3o on-line em outra sala nas depend\u00eancias do MAST. Nesse sentido, as primeiras inscri\u00e7\u00f5es ter\u00e3o prioridade para assistirem \u00e0s palestras no audit\u00f3rio. No entanto, para n\u00e3o prejudicar o andamento das discuss\u00f5es, haver\u00e1 uma toler\u00e2ncia de 15 minutos, ap\u00f3s a qual os lugares poder\u00e3o [&hellip;]<\/p>\n","protected":false},"author":1,"featured_media":0,"parent":0,"menu_order":0,"comment_status":"closed","ping_status":"closed","template":"","meta":{"footnotes":""},"class_list":["post-307","page","type-page","status-publish","hentry"],"_links":{"self":[{"href":"http:\/\/www.mast.br\/smmc\/wp-json\/wp\/v2\/pages\/307","targetHints":{"allow":["GET"]}}],"collection":[{"href":"http:\/\/www.mast.br\/smmc\/wp-json\/wp\/v2\/pages"}],"about":[{"href":"http:\/\/www.mast.br\/smmc\/wp-json\/wp\/v2\/types\/page"}],"author":[{"embeddable":true,"href":"http:\/\/www.mast.br\/smmc\/wp-json\/wp\/v2\/users\/1"}],"replies":[{"embeddable":true,"href":"http:\/\/www.mast.br\/smmc\/wp-json\/wp\/v2\/comments?post=307"}],"version-history":[{"count":14,"href":"http:\/\/www.mast.br\/smmc\/wp-json\/wp\/v2\/pages\/307\/revisions"}],"predecessor-version":[{"id":442,"href":"http:\/\/www.mast.br\/smmc\/wp-json\/wp\/v2\/pages\/307\/revisions\/442"}],"wp:attachment":[{"href":"http:\/\/www.mast.br\/smmc\/wp-json\/wp\/v2\/media?parent=307"}],"curies":[{"name":"wp","href":"https:\/\/api.w.org\/{rel}","templated":true}]}}