{"id":317,"date":"2022-09-16T15:12:01","date_gmt":"2022-09-16T18:12:01","guid":{"rendered":"http:\/\/localhost\/teste\/?page_id=317"},"modified":"2022-10-04T08:07:06","modified_gmt":"2022-10-04T11:07:06","slug":"palestrantes","status":"publish","type":"page","link":"http:\/\/www.mast.br\/smmc\/palestrantes\/","title":{"rendered":"Palestrantes"},"content":{"rendered":"\n<p><strong><a rel=\"noreferrer noopener\" href=\"http:\/\/lattes.cnpq.br\/8944196025407052\" target=\"_blank\">Aline Montenegro Magalh\u00e3es (Museu Hist\u00f3rico Nacional)<\/a><\/strong><br>Atualmente \u00e9 t\u00e9cnica em assuntos culturais\/hist\u00f3ria no Museu Hist\u00f3rico Nacional, docente no curso de MBA de gest\u00e3o de museus da Universidade Candido Mendes e professora credenciada no Mestrado Profissional em Ensino de Hist\u00f3ria (ProfHist\u00f3ria\/Unirio). Foi bolsista p\u00f3s-doutorado S\u00eanior do CNPq, entre 2018 e 2020, desenvolvendo o projeto de pesquisa &#8220;Os negros no Museu Hist\u00f3rico Nacional: por uma cole\u00e7\u00e3o descolonizada. 1922-2018&#8221; Tem experi\u00eancia na \u00e1rea de Hist\u00f3ria, com \u00eanfase em Escrita da Hist\u00f3ria nos museus e no patrim\u00f4nio, atuando principalmente nos seguintes temas: colecionismo, Museu Hist\u00f3rico Nacional e heran\u00e7as materiais da di\u00e1spora africana no Brasil.<\/p>\n\n\n\n<p><strong><a rel=\"noreferrer noopener\" href=\"http:\/\/lattes.cnpq.br\/8975875811901102\" target=\"_blank\">Andr\u00e9a Fernandes Considera (UnB)<\/a><\/strong><br>Possui gradua\u00e7\u00e3o em Museologia pela Universidade Est\u00e1cio de S\u00e1 (1991), gradua\u00e7\u00e3o em Hist\u00f3ria pela Universidade Federal Fluminense (1990), mestrado em Hist\u00f3ria pela Universidade Federal Fluminense (1996) e doutorado em Hist\u00f3ria pela Universidade de Bras\u00edlia (2015). Atualmente \u00e9 professora adjunta da Universidade de Bras\u00edlia e conselheira do Conselho Federal de Museologia. Tem experi\u00eancia na \u00e1rea de Museologia, com \u00eanfase em Documenta\u00e7\u00e3o Museol\u00f3gica e Gest\u00e3o de Museus, atuando principalmente nos seguintes temas: documenta\u00e7\u00e3o museol\u00f3gica, curadoria de exposi\u00e7\u00e3o, gest\u00e3o de museus, hist\u00f3ria da museologia e hist\u00f3ria do Brasil.<\/p>\n\n\n\n<p><strong><a rel=\"noreferrer noopener\" href=\"http:\/\/lattes.cnpq.br\/9437087778647753\" target=\"_blank\">Cecilia Helena Lorenzini de Salles Oliveira (USP)<\/a><\/strong><br>Atualmente \u00e9 professora titular s\u00eanior no Museu Paulista da Universidade de S\u00e3o Paulo e professora do Programa de P\u00f3s-Gradua\u00e7\u00e3o em Hist\u00f3ria Social da USP. Entre fevereiro de 2008 e fevereiro de 2012 ocupou a Dire\u00e7\u00e3o do Museu Paulista. Desde 2012, integra o corpo docente do Programa de P\u00f3s-Gradua\u00e7\u00e3o Interunidades em Museologia da USP. Tem experi\u00eancia na \u00e1rea de Hist\u00f3ria, com \u00eanfase em Hist\u00f3ria do Brasil, investigando principalmente os seguintes temas: rela\u00e7\u00f5es entre hist\u00f3ria e mem\u00f3ria, hist\u00f3ria pol\u00edtica, Independ\u00eancia, hist\u00f3ria do Imp\u00e9rio, escrita da Hist\u00f3ria em Museus e hist\u00f3ria dos museus nacionais. Integra, desde 2014, o corpo docente do Curso de Especializa\u00e7\u00e3o em Museus e Patrim\u00f4nio mantido pela Universidad Andina Sim\u00f3n Bol\u00edvar, em Quito, no Equador.&nbsp;<\/p>\n\n\n\n<p><strong><a rel=\"noreferrer noopener\" href=\"http:\/\/lattes.cnpq.br\/7846212059366799\" target=\"_blank\">Cl\u00f3vis Carvalho Britto (UNB)<\/a><\/strong><br>P\u00f3s-doutor em Estudos Culturais no Programa Avan\u00e7ado de Cultura Contempor\u00e2nea da Universidade Federal do Rio de Janeiro (UFRJ). Professor Adjunto IV na Faculdade de Ci\u00eancia da Informa\u00e7\u00e3o da Universidade de Bras\u00edlia (UnB), no Curso de Museologia e no Programa de P\u00f3s-Gradua\u00e7\u00e3o em Ci\u00eancia da Informa\u00e7\u00e3o. Professor permanente no Programa de P\u00f3s-Gradua\u00e7\u00e3o em Museologia da Universidade Federal da Bahia (UFBA). Professor Convidado no Departamento de Museologia e Investigador colaborador no Centro de Estudos Interdisciplinares em Educa\u00e7\u00e3o e Desenvolvimento (CeiED\/ULHT)) da Universidade Lus\u00f3fona de Humanidades e Tecnologias, em Lisboa. \u00c9 um dos editores da Revista Museologia &amp; Interdisciplinaridade (ISSN: 2238-5436).&nbsp;<\/p>\n\n\n\n<p><strong><a rel=\"noreferrer noopener\" href=\"http:\/\/lattes.cnpq.br\/8742815851577473\" target=\"_blank\">Heloisa Maria Silveira Barbuy (USP)<\/a><\/strong><br>Muse\u00f3loga pelo Instituto de Museologia de S\u00e3o Paulo\/Funda\u00e7\u00e3o Escola de Sociologia e Pol\u00edtica (1987), com est\u00e1gios em museus franceses (1988) e participa\u00e7\u00e3o em programa de administra\u00e7\u00e3o cultural do Minist\u00e9rio da Cultura da Fran\u00e7a para profissionais de Cultura da Am\u00e9rica Latina (Courant de l&#8217;Am\u00e9rique latine, 1995). P\u00f3s-doutorado como pesquisadora convidada do Centre Andr\u00e9 Chastel \/ Institut d&#8217;art et d&#8217;arch\u00e9ologie \/ Universit\u00e9 de Paris IV-Sorbonne (out.-nov. 2005). Atualmente \u00e9 Professora Doutora S\u00eanior no Museu da Faculdade de Direito da USP (desde 2017), professora do Programa de P\u00f3s-Gradua\u00e7\u00e3o em Hist\u00f3ria Social (desde 2006) e do Programa de P\u00f3s-Gradua\u00e7\u00e3o Interunidades em Museologia-USP desde a sua cria\u00e7\u00e3o, em 2012.<\/p>\n\n\n\n<p><strong><a rel=\"noreferrer noopener\" href=\"http:\/\/lattes.cnpq.br\/7197896469904126\" target=\"_blank\">Ione Helena Pereira Couto (UNESCO)<\/a><\/strong><br>Bacharel em Museologia pela Universidade Federal do Estado do Rio de Janeiro (1987), \u00e9 Mestre e Doutora em Mem\u00f3ria Social (2009), pela Universidade Federal do Estado do Rio de Janeiro. Foi chefe do Servi\u00e7o de Museologia do Museu do \u00cdndio de (1993 a 2006) e Coordenadora de Patrim\u00f4nio Cultural do Museu do \u00cdndio (2010 -2020), respons\u00e1vel pelos projetos de exposi\u00e7\u00e3o, de Reservas T\u00e9cnicas, de acondicionamento e processamento t\u00e9cnico do acervo museol\u00f3gico. Seus interesses de pesquisa concentram-se em estudos de cole\u00e7\u00f5es, expografia e base de dados. Atualmente \u00e9 consultora individual da organiza\u00e7\u00e3o das Na\u00e7\u00f5es Unidas para a Educa\u00e7\u00e3o, a Ci\u00eancia e a Cultura (UNESCO) desenvolvendo projeto de Conserva\u00e7\u00e3o e Divulga\u00e7\u00e3o Museol\u00f3gica de Acervos Ind\u00edgenas.<\/p>\n\n\n\n<p><strong><a rel=\"noreferrer noopener\" href=\"http:\/\/lattes.cnpq.br\/7655274726492200\" target=\"_blank\">Ivan Coelho de S\u00e1 (UNIRIO)<\/a><\/strong><br>Professor Associado 4 do Departamento de Estudos e Processos Museol\u00f3gicos (DEPM) e do Programa de P\u00f3s-Gradua\u00e7\u00e3o em Museologia e Patrim\u00f4nio (PPG-PMUS), do Centro de Ci\u00eancias Humanas e Sociais (CCH\/UNIRIO). Ministra disciplinas de Hist\u00f3ria da Arte Ocidental, Produ\u00e7\u00e3o Art\u00edstica no Brasil, Museologia e Preserva\u00e7\u00e3o e T\u00e9cnicas e Processos Art\u00edsticos. Atuou, entre setembro de 2012 e maio de 2017, como Decano do CCH\/UNIRIO. Desde maio de 2021, assumiu o cargo de Diretor da Escola de Museologia (Gest\u00e3o 2021-2025). Tem experi\u00eancia nas \u00e1reas de Hist\u00f3ria e Mem\u00f3ria da Museologia, Preserva\u00e7\u00e3o-Conserva\u00e7\u00e3o de Bens Culturais e Hist\u00f3ria da Arte, com \u00eanfase na metodologia acad\u00eamica e na pintura brasileira do s\u00e9culo XIX.<\/p>\n\n\n\n<p><strong><a rel=\"noreferrer noopener\" href=\"http:\/\/lattes.cnpq.br\/2522358867008495\" target=\"_blank\">Joseania Miranda Freitas (UFBA)<\/a><\/strong><br>Professora titular do curso de Museologia da UFBA. Doutora em Educa\u00e7\u00e3o (UFBA), com p\u00f3s-doutorado em Hist\u00f3ria (Programa de Estudos P\u00f3s-Graduados em Hist\u00f3ria da PUC-SP 2016-2017) e p\u00f3s-doutorado em Hist\u00f3ria (UFG\/UNINORTE-Col\u00f4mbia\/UPVD-Perpignan-Fran\u00e7a 2006-2007). Primeira coordenadora do Programa de P\u00f3s-Gradua\u00e7\u00e3o em Museologia\/PPGMuseu\/UFBA (2013-2015). Pesquisadora do Museu Afro-Brasileiro, da UFBA, onde coordena projetos de pesquisa nas \u00e1reas de Mem\u00f3rias afrodiasp\u00f3ricas e Museologia, com \u00eanfase em Cultura Material.&nbsp;<\/p>\n\n\n\n<p><strong><a rel=\"noreferrer noopener\" href=\"http:\/\/lattes.cnpq.br\/3246688180226963\" target=\"_blank\">Lilia Moritz Schwarcz (USP)<\/a><\/strong><br>Professora s\u00eanior do Departamento em Antropologia Social (USP) e Global Scholar e Professora visitante em Princeton, (desde 2011) e Affiliated Scholar Brazil Lab. Editora da Companhia das Letras. S\u00f3cia do IHGB \u00e9 membro do conselho da Revista Etnogr\u00e1fica (Lisboa), da revista Pen\u00e9lope (Lisboa), da Revista dos Cadernos de Pesquisa da Funda\u00e7\u00e3o Carlos Chagas e da Revista Cadernos de Campo (FFLCH). Faz parte do Advisory Committee for Human Rights Watch Americas Division (2020), do Conselho do Instituto Vladimir Herzog, do Museu da L\u00edngua Portuguesa e do Instituto Tornavoz. Foi professora visitante e pesquisadora nas universidades de Leiden, Oxford, Brown, Columbia (como Tinker Professor), Ecole des Hautes Etudes en Science Sociales.<\/p>\n\n\n\n<p><strong><a rel=\"noreferrer noopener\" href=\"http:\/\/lattes.cnpq.br\/8046282601245273\" target=\"_blank\">Maria Margaret Lopes (UNB)<\/a><\/strong><br>Foi assessora-t\u00e9cnica da Secretaria Especial de Pol\u00edticas paras as Mulheres da Presid\u00eancia da Rep\u00fablica (2007-2009), investigadora associada (2012-2021) no Centro de Estudos de Hist\u00f3ria e Filosofia da Ci\u00eancia (CEHFCi-FCT), na Universidade de \u00c9vora, Portugal e diretora do MAST (2011-2012). \u00c9 atualmente pesquisadora convidada do N\u00facleo de Estudos de G\u00eanero Pagu &#8211; UNICAMP, pesquisadora colaboradora s\u00eanior da Universidade de Bras\u00edlia (UnB) no Programa de P\u00f3s-Gradua\u00e7\u00e3o em Ci\u00eancias da Informa\u00e7\u00e3o e orientadora plena do Programa Interunidades em Museologia (MAE-USP). Desde 2020 atua como Vice-presidente para Am\u00e9rica Latina da International Commission on the History of Geological Sciences (INHIGEO).<strong>&nbsp;<\/strong><\/p>\n\n\n\n<p><strong><a rel=\"noreferrer noopener\" href=\"http:\/\/lattes.cnpq.br\/1362575549351097\" target=\"_blank\">Mar\u00edlia Xavier Cury (MAE\/USP)<\/a><\/strong><br>Muse\u00f3loga e Educadora de Museu. Professora Associada 2, desde 1992 \u00e9 docente atuando no Museu de Arqueologia e Etnologia (MAE-USP). Atualmente \u00e9 vice-presidente da Comiss\u00e3o de P\u00f3s-Gradua\u00e7\u00e3o em Arqueologia. Tem experi\u00eancia na \u00e1rea de Museologia e Arqueologia P\u00fablica, com \u00eanfase na museologia cr\u00edtica, museologia social e museologia colaborativa nos temas: gest\u00e3o e planejamento institucional e pol\u00edtica de acervo, comunica\u00e7\u00e3o museol\u00f3gica, expografia, educa\u00e7\u00e3o patrimonial e em museus, recep\u00e7\u00e3o e avalia\u00e7\u00e3o museol\u00f3gica, participa\u00e7\u00e3o e colabora\u00e7\u00e3o\/coopera\u00e7\u00e3o em museus, museus universit\u00e1rios, museus comunit\u00e1rios e patrim\u00f4nio industrial.&nbsp;<\/p>\n\n\n\n<p><strong><a rel=\"noreferrer noopener\" href=\"http:\/\/lattes.cnpq.br\/6889976283803861\" target=\"_blank\">M\u00e1rio de Souza Chagas (UNIRIO\/Museu da Rep\u00fablica)<\/a><\/strong><br>Um dos respons\u00e1veis pela Pol\u00edtica Nacional de Museus (lan\u00e7ada em 2003) e um dos criadores do Sistema Brasileiro de Museus (SBM), do Cadastro Nacional de Museus (CNM), do Programa Pontos de Mem\u00f3ria, do Programa Nacional de Educa\u00e7\u00e3o Museal (PNEM) e do Instituto Brasileiro de Museus (IBRAM). Fundador da Revista Brasileira de Museus e Museologia (MUSAS) e criador do Programa Editorial do IBRAM. Atualmente \u00e9 diretor do Museu da Rep\u00fablica do Instituto Brasileiro de Museus, presidente do Movimento Internacional para uma Nova Museologia (MINOM), professor colaborador do Programa em P\u00f3s-gradua\u00e7\u00e3o em Museologia da Universidade Federal da Bahia (UFBA) e professor visitante do Departamento de Museologia da Universidade Lus\u00f3fona de Humanidades e Tecnologias (ULHT).&nbsp;<\/p>\n\n\n\n<p><strong><a rel=\"noreferrer noopener\" href=\"http:\/\/lattes.cnpq.br\/2360213128181220\" target=\"_blank\">Rose Moreira de Miranda (IBRAM)<\/a><\/strong><br>Foi respons\u00e1vel pelo planejamento, implanta\u00e7\u00e3o e coordena\u00e7\u00e3o do Cadastro Nacional de Museus, projeto criado pelo Departamento de Museus e Centros Culturais, do Instituto do Patrim\u00f4nio Hist\u00f3rico e Art\u00edstico Nacional (IPHAN). De 2009 a 2017 exerceu o cargo de Coordenadora-Geral de Sistemas de Informa\u00e7\u00e3o Museal no Ibram. Desenvolveu o Programa iMuseus, ArqMuseus e BiblioMuseus. Representou o Brasil em encontros da mesa t\u00e9cnica do Observat\u00f3rio Ibero-Americano de Museus, do Programa Ibermuseus, ocasi\u00e3o em que contribui para a cria\u00e7\u00e3o do Registro de Museus Ibero-Americano. Foi diretora da Divis\u00e3o de Museologia do Museu de Arte Contempor\u00e2nea de Niter\u00f3i e chefe da uradoria T\u00e9cnica do Museu Aeroespacial.&nbsp;<\/p>\n\n\n\n<p><strong><a rel=\"noreferrer noopener\" href=\"http:\/\/lattes.cnpq.br\/1943496132657459\" target=\"_blank\">Tereza Cristina Moletta Scheiner (UNIRIO)<\/a><\/strong><br>Professor Associado 3, Universidade Federal do Estado do Rio de Janeiro (UNIRIO). Coordenadora do Programa de P\u00f3s-Gradua\u00e7\u00e3o em Museologia e Patrim\u00f4nio (PPG-PMUS, UNIRIO\/MAST). Criadora e consultora permanente do ICOFOM LAM. Pesquisadora na Universit\u00e9 Jean-Moulin, Lyon 3. Consultor ad hoc do Conselho Nacional de Desenvolvimento Cient\u00edfico e Tecnol\u00f3gico (CNPQ). Membro do Conselho Cient\u00edfico do Museu Paraense Emilio Goeldi. Membro do Comit\u00ea Editorial, International Journal of Intangible Heritage (2008\/2012), entre outros. Tem experi\u00eancia nas \u00e1reas de Museologia e Patrim\u00f4nio e Educa\u00e7\u00e3o Ambiental.<\/p>\n\n\n\n<p><\/p>\n\n\n\n<p><a href=\"http:\/\/lattes.cnpq.br\/2010495712225789\"><\/a><\/p>\n\n\n\n<figure class=\"wp-block-image size-full\"><img loading=\"lazy\" decoding=\"async\" width=\"180\" height=\"54\" src=\"http:\/\/www.mast.br\/smmc\/wp-content\/uploads\/2022\/10\/debatedores-1.jpg\" alt=\"\" class=\"wp-image-421\"\/><\/figure>\n\n\n\n<p><a href=\"http:\/\/lattes.cnpq.br\/2010495712225789\"><\/a><strong><a rel=\"noreferrer noopener\" href=\"http:\/\/lattes.cnpq.br\/8940171631519676\" target=\"_blank\">Christina da Motta Barboza (MAST)<\/a><\/strong><br>\u00c9 pesquisadora no Museu de Astronomia e Ci\u00eancias Afins (MAST), onde atua na Coordena\u00e7\u00e3o de Hist\u00f3ria da Ci\u00eancia e da Tecnologia, e como docente no Programa de P\u00f3s-Gradua\u00e7\u00e3o em Preserva\u00e7\u00e3o de Acervos de Ci\u00eancia e Tecnologia (PPACT). Trabalhou durante dez anos no Programa de P\u00f3s-Gradua\u00e7\u00e3o em Hist\u00f3ria da Universidade Federal do Estado do Rio de Janeiro (UNIRIO), tendo participado ativamente no estabelecimento da associa\u00e7\u00e3o deste com o MAST. Suas pesquisas concentram-se em tem\u00e1ticas derivadas da hist\u00f3ria do Observat\u00f3rio Nacional, abrangendo suas diferentes pr\u00e1ticas cient\u00edficas, tanto no campo da astronomia quanto no da meteorologia. Foi presidente da Sociedade Brasileira de Hist\u00f3ria da Ci\u00eancia (SBHC) no bi\u00eanio 2016-2018.<\/p>\n\n\n\n<p><strong><a rel=\"noreferrer noopener\" href=\"http:\/\/lattes.cnpq.br\/4452796093237238\" target=\"_blank\">Luiz Carlos Borges (MAST)<\/a><\/strong><br>Possui Licenciatura Plena em Letras pela Universidade Federal do Par\u00e1 (1978), mestrado em Lingu\u00edstica pela Universidade Estadual de Campinas (1991), doutorado em Lingu\u00edstica (An\u00e1lise de Discurso) pela Universidade Estadual de Campinas (1998) e p\u00f3s-doutorado em Hist\u00f3ria pela Universidade do Estado do Rio de Janeiro (2012). Atualmente \u00e9 pesquisador titular aposentado do MAST e professor do Programa de P\u00f3s-Gradua\u00e7\u00e3o em Museologia e Patrim\u00f4nio (MAST\/UNIRIO). Desenvolve pesquisas em Hist\u00f3ria da Ci\u00eancia, sobre Astronomia Cultural (principalmente sobre a astronomia guarani mby\u00e1 e sua mitologia cosmol\u00f3gica), pol\u00edtica e discurso cient\u00edfico; e, em Museologia e Patrim\u00f4nio, sobre pol\u00edtica e patrim\u00f4nio cultural e discurso museol\u00f3gico.<\/p>\n\n\n\n<p><strong><a rel=\"noreferrer noopener\" href=\"http:\/\/lattes.cnpq.br\/8746315302380257\" target=\"_blank\">Marcio Ferreira Rangel (MAST)<\/a><\/strong><br>Atualmente \u00e9 diretor do MAST. De 2015 a 2018 foi representante do Brasil no Programa Ibermuseus. Avaliador do Instituto Nacional de Estudos e Pesquisas Educacionais An\u00edsio Teixeira (INEP\/MEC) para gradua\u00e7\u00f5es em museologia. Consultor ad hoc do CNPq e da CAPES. Tem experi\u00eancia na \u00e1rea de Museologia, com \u00eanfase em cole\u00e7\u00f5es hist\u00f3rico-cient\u00edficas, hist\u00f3ria da ci\u00eancia, Pol\u00edticas P\u00fablicas para museus e patrim\u00f4nio, mem\u00f3ria e patrim\u00f4nio. Ministra oficinas de capacita\u00e7\u00e3o para profissionais de museus em diversos estados do Brasil. Participa de comiss\u00f5es avaliadoras e programas de financiamento do Minist\u00e9rio da Cultura, Minist\u00e9rio da Ci\u00eancia, Tecnologia e Inova\u00e7\u00e3o e do Minist\u00e9rio da Educa\u00e7\u00e3o.<\/p>\n\n\n\n<p><strong><a rel=\"noreferrer noopener\" href=\"http:\/\/lattes.cnpq.br\/9985087988385256\" target=\"_blank\">Maria Esther Valente (MAST)<\/a><\/strong><br>Graduada em Hist\u00f3ria pela Pontif\u00edcia Universidade Cat\u00f3lica do Rio de Janeiro, Mestre em Educa\u00e7\u00e3o pelo Programa de P\u00f3s-gradua\u00e7\u00e3o do Departamento de Educa\u00e7\u00e3o da mesma Universidade e Doutora pelo Programa de P\u00f3s-gradua\u00e7\u00e3o do curso Ensino e Hist\u00f3ria de Ci\u00eancias da Terra do Instituto de Geoci\u00eancias &#8211; IG da UNICAMP. Desenvolveu atividades profissionais no MAST, no per\u00edodo de 1985 a 2017. Atua como pesquisadora principalmente nos seguintes temas: educa\u00e7\u00e3o em museus, acesso p\u00fablico, educa\u00e7\u00e3o n\u00e3o formal e educa\u00e7\u00e3o em ci\u00eancias, divulga\u00e7\u00e3o da ci\u00eancia, cultura cient\u00edfica e hist\u00f3ria das institui\u00e7\u00f5es museol\u00f3gicas.<\/p>\n\n\n\n<p><\/p>\n\n\n\n<figure class=\"wp-block-image size-full\"><img loading=\"lazy\" decoding=\"async\" width=\"179\" height=\"55\" src=\"http:\/\/www.mast.br\/smmc\/wp-content\/uploads\/2022\/10\/organizacao-1.jpg\" alt=\"\" class=\"wp-image-423\"\/><\/figure>\n\n\n\n<p><a href=\"http:\/\/lattes.cnpq.br\/2010495712225789\"><strong>Charles Narloch (MAST)<\/strong><\/a><br>Doutor em Museologia e Patrim\u00f4nio pela Universidade Federal do Estado do Rio de Janeiro (UNIRIO) e Museu de Astronomia e Ci\u00eancias Afins (MAST). Atua na Coordena\u00e7\u00e3o de Museologia do MAST e dedica-se \u00e0 pesquisa de temas como museus de ci\u00eancias, museus e territ\u00f3rio, comunica\u00e7\u00e3o em museus e linguagens de exposi\u00e7\u00e3o. Membro da equipe de avaliadores da Revista Museologia e Patrim\u00f4nio PPG-PMUS (UNIRIO\/MAST). Em fun\u00e7\u00f5es de dire\u00e7\u00e3o e assessoramento superior, coordenou processos de reda\u00e7\u00e3o de leis voltadas \u00e0 gest\u00e3o p\u00fablica, como o Invent\u00e1rio do Patrim\u00f4nio Cultural de Joinville (IPCJ); e sistemas, redes e processos de implementa\u00e7\u00e3o de museus, como o Museu da Imagem e do Som de Santa Catarina e a Esta\u00e7\u00e3o da Mem\u00f3ria (Joinville &#8211; SC).&nbsp;<\/p>\n\n\n\n<p><strong><a rel=\"noreferrer noopener\" href=\"http:\/\/lattes.cnpq.br\/0270249791488872\" target=\"_blank\">Claudia Penha dos Santos (MAST)<\/a><\/strong><br>Possui gradua\u00e7\u00e3o em Museologia pela Universidade Federal do Estado do Rio de Janeiro (UNIRIO), especializa\u00e7\u00e3o em Teoria da Arte pela Universidade do Estado do Rio de Janeiro (UERJ), mestrado em Hist\u00f3ria das Ci\u00eancias pela Casa de Oswaldo Cruz (Funda\u00e7\u00e3o Oswaldo Cruz\/COC\/FIOCRUZ) e doutorado em Museologia e Patrim\u00f4nio pela UNIRIO\/MAST (2016). Tem experi\u00eancia na \u00e1rea de Museologia, com \u00eanfase em documenta\u00e7\u00e3o museol\u00f3gica. \u00c9 tecnologista lotada no MAST, respons\u00e1vel pelo N\u00facleo de Documenta\u00e7\u00e3o e Conserva\u00e7\u00e3o de Acervo Museol\u00f3gico da Coordena\u00e7\u00e3o de Museologia e coordenadora do Mestrado Profissional em Preserva\u00e7\u00e3o de Acervos de Ci\u00eancia e Tecnologia (PPACT\/MAST\/MCTIC), desde dezembro de 2018.<\/p>\n\n\n\n<p><strong><a rel=\"noreferrer noopener\" href=\"http:\/\/lattes.cnpq.br\/0488653952117827\" target=\"_blank\">Marcus Granato (MAST)<\/a><\/strong><br>Coordenador da Museologia do MAST. \u00c9 professor colaborador do curso de mestrado profissional em Preserva\u00e7\u00e3o de Acervos da C&amp;T (MAST) e do corpo permanente do Programa de P\u00f3s-Gradua\u00e7\u00e3o em Museologia e Patrim\u00f4nio (UNIRIO\/MAST). Coordenador do MINTER (PPG PMUS\/UFPE). \u00c9 editor cient\u00edfico do peri\u00f3dico eletr\u00f4nico Museologia e Patrim\u00f4nio; consultor ad-hoc do CNPq, da FAPESP, da CAPES, da CYTED, da FAPERJ e da Swiss National Science Foundation. Atua como Coordenador do GT-9 da ANCIB. Tem experi\u00eancia na \u00e1rea de Museologia, com \u00eanfase em conserva\u00e7\u00e3o de objetos culturais met\u00e1licos e patrim\u00f4nio cultural da ci\u00eancia e da tecnologia, atuando principalmente nos seguintes temas: museologia, conserva\u00e7\u00e3o, patrim\u00f4nio cient\u00edfico &#8211; acervos e instrumentos cient\u00edficos &#8211; e divulga\u00e7\u00e3o cient\u00edfica.<\/p>\n\n\n\n<p><strong><a rel=\"noreferrer noopener\" href=\"http:\/\/lattes.cnpq.br\/6030107788012096\" target=\"_blank\">Maria Lucia de Niemeyer Matheus Loureiro (MAST)&nbsp;<\/a><\/strong><br>Possui gradua\u00e7\u00e3o em Museologia pelo Museu Hist\u00f3rico Nacional &#8211; atual Escola de Museologia da Universidade Federal do Estado do Rio de Janeiro (1976), Mestrado (1998) e Doutorado (2003) em Ci\u00eancia da Informa\u00e7\u00e3o pelo Instituto Brasileiro de Informa\u00e7\u00e3o em Ci\u00eancia e Tecnologia (IBICT\/UFRJ). Tem experi\u00eancia nas \u00e1reas de Museologia e Ci\u00eancia da Informa\u00e7\u00e3o. Atua no Museu de Astronomia e Ci\u00eancias Afins &#8211; MAST\/MCTI, onde desenvolve pesquisas relacionadas a processos de musealiza\u00e7\u00e3o e \u00e9 docente permanente do Mestrado Profissional em Preserva\u00e7\u00e3o de Acervos de Ci\u00eancia e Tecnologia (PPACT).<\/p>\n","protected":false},"excerpt":{"rendered":"<p>Aline Montenegro Magalh\u00e3es (Museu Hist\u00f3rico Nacional)Atualmente \u00e9 t\u00e9cnica em assuntos culturais\/hist\u00f3ria no Museu Hist\u00f3rico Nacional, docente no curso de MBA de gest\u00e3o de museus da Universidade Candido Mendes e professora credenciada no Mestrado Profissional em Ensino de Hist\u00f3ria (ProfHist\u00f3ria\/Unirio). Foi bolsista p\u00f3s-doutorado S\u00eanior do CNPq, entre 2018 e 2020, desenvolvendo o projeto de pesquisa &#8220;Os [&hellip;]<\/p>\n","protected":false},"author":1,"featured_media":0,"parent":0,"menu_order":0,"comment_status":"closed","ping_status":"closed","template":"","meta":{"footnotes":""},"class_list":["post-317","page","type-page","status-publish","hentry"],"_links":{"self":[{"href":"http:\/\/www.mast.br\/smmc\/wp-json\/wp\/v2\/pages\/317","targetHints":{"allow":["GET"]}}],"collection":[{"href":"http:\/\/www.mast.br\/smmc\/wp-json\/wp\/v2\/pages"}],"about":[{"href":"http:\/\/www.mast.br\/smmc\/wp-json\/wp\/v2\/types\/page"}],"author":[{"embeddable":true,"href":"http:\/\/www.mast.br\/smmc\/wp-json\/wp\/v2\/users\/1"}],"replies":[{"embeddable":true,"href":"http:\/\/www.mast.br\/smmc\/wp-json\/wp\/v2\/comments?post=317"}],"version-history":[{"count":10,"href":"http:\/\/www.mast.br\/smmc\/wp-json\/wp\/v2\/pages\/317\/revisions"}],"predecessor-version":[{"id":424,"href":"http:\/\/www.mast.br\/smmc\/wp-json\/wp\/v2\/pages\/317\/revisions\/424"}],"wp:attachment":[{"href":"http:\/\/www.mast.br\/smmc\/wp-json\/wp\/v2\/media?parent=317"}],"curies":[{"name":"wp","href":"https:\/\/api.w.org\/{rel}","templated":true}]}}